{"id":18,"date":"2022-03-17T15:55:51","date_gmt":"2022-03-17T15:55:51","guid":{"rendered":"https:\/\/m3investigation.com\/homepage\/"},"modified":"2022-06-09T15:52:49","modified_gmt":"2022-06-09T19:52:49","slug":"homepage","status":"publish","type":"page","link":"https:\/\/m3investigation.com\/en\/","title":{"rendered":"Homepage"},"content":{"rendered":"\t\t<div data-elementor-type=\"wp-page\" data-elementor-id=\"18\" class=\"elementor elementor-18 elementor-8\" data-elementor-post-type=\"page\">\n\t\t\t\t\t\t<section class=\"elementor-section elementor-top-section elementor-element elementor-element-2ff464b elementor-section-height-min-height elementor-section-boxed elementor-section-height-default elementor-section-items-middle\" data-id=\"2ff464b\" data-element_type=\"section\" data-e-type=\"section\" data-settings=\"{&quot;background_background&quot;:&quot;classic&quot;}\">\n\t\t\t\t\t\t\t<div class=\"elementor-background-overlay\"><\/div>\n\t\t\t\t\t\t\t<div class=\"elementor-container elementor-column-gap-default\">\n\t\t\t\t\t<div class=\"elementor-column elementor-col-100 elementor-top-column elementor-element elementor-element-9703d49\" data-id=\"9703d49\" data-element_type=\"column\" data-e-type=\"column\">\n\t\t\t<div class=\"elementor-widget-wrap elementor-element-populated\">\n\t\t\t\t\t\t<div class=\"elementor-element elementor-element-651e801 elementor-invisible elementor-widget elementor-widget-heading\" data-id=\"651e801\" data-element_type=\"widget\" data-e-type=\"widget\" data-settings=\"{&quot;_animation&quot;:&quot;fadeInDown&quot;}\" data-widget_type=\"heading.default\">\n\t\t\t\t<div class=\"elementor-widget-container\">\n\t\t\t\t\t<h1 class=\"elementor-heading-title elementor-size-default\">THE SPECIALISTS IN<\/h1>\t\t\t\t<\/div>\n\t\t\t\t<\/div>\n\t\t\t\t<div class=\"elementor-element elementor-element-7b2c21d elementor--h-position-center elementor--v-position-middle elementor-widget elementor-widget-slides\" data-id=\"7b2c21d\" data-element_type=\"widget\" data-e-type=\"widget\" data-settings=\"{&quot;navigation&quot;:&quot;none&quot;,&quot;transition_speed&quot;:200,&quot;autoplay&quot;:&quot;yes&quot;,&quot;pause_on_hover&quot;:&quot;yes&quot;,&quot;pause_on_interaction&quot;:&quot;yes&quot;,&quot;autoplay_speed&quot;:5000,&quot;infinite&quot;:&quot;yes&quot;,&quot;transition&quot;:&quot;slide&quot;}\" data-widget_type=\"slides.default\">\n\t\t\t\t<div class=\"elementor-widget-container\">\n\t\t\t\t\t\t\t\t\t<div class=\"elementor-swiper\">\n\t\t\t\t\t<div class=\"elementor-slides-wrapper elementor-main-swiper swiper\" role=\"region\" aria-roledescription=\"carousel\" aria-label=\"Slides\" dir=\"ltr\" data-animation=\"fadeInRight\">\n\t\t\t\t<div class=\"swiper-wrapper elementor-slides\">\n\t\t\t\t\t\t\t\t\t\t<div class=\"elementor-repeater-item-88affc2 swiper-slide\" role=\"group\" aria-roledescription=\"slide\"><div class=\"swiper-slide-bg\"><\/div><div class=\"swiper-slide-inner\" ><div class=\"swiper-slide-contents\"><div class=\"elementor-slide-heading\">INVESTIGATIONS<\/div><\/div><\/div><\/div><div class=\"elementor-repeater-item-331be78 swiper-slide\" role=\"group\" aria-roledescription=\"slide\"><div class=\"swiper-slide-bg\"><\/div><div class=\"swiper-slide-inner\" ><div class=\"swiper-slide-contents\"><div class=\"elementor-slide-heading\">RESEARCH<\/div><\/div><\/div><\/div><div class=\"elementor-repeater-item-5026943 swiper-slide\" role=\"group\" aria-roledescription=\"slide\"><div class=\"swiper-slide-bg\"><\/div><div class=\"swiper-slide-inner\" ><div class=\"swiper-slide-contents\"><div class=\"elementor-slide-heading\">SURVEILLANCE<\/div><\/div><\/div><\/div>\t\t\t\t<\/div>\n\t\t\t\t\t\t\t\t\t\t\t\t\t\t\t\t\t\t\t\t\t<\/div>\n\t\t\t\t<\/div>\n\t\t\t\t\t\t\t\t<\/div>\n\t\t\t\t<\/div>\n\t\t\t\t\t<\/div>\n\t\t<\/div>\n\t\t\t\t\t<\/div>\n\t\t<\/section>\n\t\t\t\t<section class=\"elementor-section elementor-top-section elementor-element elementor-element-dbbb86a elementor-section-boxed elementor-section-height-default elementor-section-height-default\" data-id=\"dbbb86a\" data-element_type=\"section\" data-e-type=\"section\" data-settings=\"{&quot;background_background&quot;:&quot;classic&quot;}\">\n\t\t\t\t\t\t<div class=\"elementor-container elementor-column-gap-default\">\n\t\t\t\t\t<div class=\"elementor-column elementor-col-50 elementor-top-column elementor-element elementor-element-9b144fc\" data-id=\"9b144fc\" data-element_type=\"column\" data-e-type=\"column\">\n\t\t\t<div class=\"elementor-widget-wrap elementor-element-populated\">\n\t\t\t\t\t\t<div class=\"elementor-element elementor-element-9c572ad elementor-widget elementor-widget-heading\" data-id=\"9c572ad\" data-element_type=\"widget\" data-e-type=\"widget\" data-widget_type=\"heading.default\">\n\t\t\t\t<div class=\"elementor-widget-container\">\n\t\t\t\t\t<h2 class=\"elementor-heading-title elementor-size-default\">ABOUT US<\/h2>\t\t\t\t<\/div>\n\t\t\t\t<\/div>\n\t\t\t\t<div class=\"elementor-element elementor-element-c689f1b elementor-widget elementor-widget-text-editor\" data-id=\"c689f1b\" data-element_type=\"widget\" data-e-type=\"widget\" data-widget_type=\"text-editor.default\">\n\t\t\t\t<div class=\"elementor-widget-container\">\n\t\t\t\t\t\t\t\t\t<p>M3 is a private detective agency specializing in corporate and civil investigations. We conduct cyber investigations, surveillance, due diligence verification, people tracing, locate assets, work on fraud, theft, insurance and work compensation cases. We offer a personalized approach to every case and collect intelligence through creative means and various investigative techniques.<\/p><p>With expertise acquired in Canada, the United States and Russia, we have developed a tool for cross-searching that can be used for the cybersecurity of large organizations.<\/p><p>M3 is licensed by the <strong>Bureau de S\u00e9curit\u00e9 Priv\u00e9e <\/strong>with liability insurance for our activities.<\/p>\t\t\t\t\t\t\t\t<\/div>\n\t\t\t\t<\/div>\n\t\t\t\t<div class=\"elementor-element elementor-element-0f9912d elementor-widget elementor-widget-image\" data-id=\"0f9912d\" data-element_type=\"widget\" data-e-type=\"widget\" data-widget_type=\"image.default\">\n\t\t\t\t<div class=\"elementor-widget-container\">\n\t\t\t\t\t\t\t\t\t\t\t\t\t\t\t<img fetchpriority=\"high\" decoding=\"async\" width=\"361\" height=\"140\" src=\"https:\/\/m3investigation.com\/wp-content\/uploads\/2022\/03\/M3-logo-BSP.png\" class=\"attachment-full size-full wp-image-426\" alt=\"Bureau de la s\u00e9curit\u00e9 priv\u00e9e\" srcset=\"https:\/\/m3investigation.com\/wp-content\/uploads\/2022\/03\/M3-logo-BSP.png 361w, https:\/\/m3investigation.com\/wp-content\/uploads\/2022\/03\/M3-logo-BSP-300x116.png 300w\" sizes=\"(max-width: 361px) 100vw, 361px\" \/>\t\t\t\t\t\t\t\t\t\t\t\t\t\t\t<\/div>\n\t\t\t\t<\/div>\n\t\t\t\t\t<\/div>\n\t\t<\/div>\n\t\t\t\t<div class=\"elementor-column elementor-col-50 elementor-top-column elementor-element elementor-element-82b8958\" data-id=\"82b8958\" data-element_type=\"column\" data-e-type=\"column\">\n\t\t\t<div class=\"elementor-widget-wrap elementor-element-populated\">\n\t\t\t\t\t\t<section class=\"elementor-section elementor-inner-section elementor-element elementor-element-e58aa4a elementor-section-boxed elementor-section-height-default elementor-section-height-default elementor-invisible\" data-id=\"e58aa4a\" data-element_type=\"section\" data-e-type=\"section\" data-settings=\"{&quot;animation&quot;:&quot;fadeInRight&quot;}\">\n\t\t\t\t\t\t<div class=\"elementor-container elementor-column-gap-default\">\n\t\t\t\t\t<div class=\"elementor-column elementor-col-50 elementor-inner-column elementor-element elementor-element-872cbba\" data-id=\"872cbba\" data-element_type=\"column\" data-e-type=\"column\" data-settings=\"{&quot;background_background&quot;:&quot;classic&quot;}\">\n\t\t\t<div class=\"elementor-widget-wrap elementor-element-populated\">\n\t\t\t\t\t\t<div class=\"elementor-element elementor-element-5580305 elementor-widget elementor-widget-image\" data-id=\"5580305\" data-element_type=\"widget\" data-e-type=\"widget\" data-widget_type=\"image.default\">\n\t\t\t\t<div class=\"elementor-widget-container\">\n\t\t\t\t\t\t\t\t\t\t\t\t\t\t\t\t<a href=\"http:\/\/apq.ca0.myftpupload.com\/services\/#enquetes\">\n\t\t\t\t\t\t\t<img decoding=\"async\" width=\"93\" height=\"125\" src=\"https:\/\/m3investigation.com\/wp-content\/uploads\/2022\/03\/Oeil.png\" class=\"attachment-full size-full wp-image-131\" alt=\"\" \/>\t\t\t\t\t\t\t\t<\/a>\n\t\t\t\t\t\t\t\t\t\t\t\t\t\t\t<\/div>\n\t\t\t\t<\/div>\n\t\t\t\t\t<\/div>\n\t\t<\/div>\n\t\t\t\t<div class=\"elementor-column elementor-col-50 elementor-inner-column elementor-element elementor-element-1bbf899\" data-id=\"1bbf899\" data-element_type=\"column\" data-e-type=\"column\" data-settings=\"{&quot;background_background&quot;:&quot;classic&quot;}\">\n\t\t\t<div class=\"elementor-widget-wrap elementor-element-populated\">\n\t\t\t\t\t\t<div class=\"elementor-element elementor-element-04208bc elementor-widget elementor-widget-heading\" data-id=\"04208bc\" data-element_type=\"widget\" data-e-type=\"widget\" data-widget_type=\"heading.default\">\n\t\t\t\t<div class=\"elementor-widget-container\">\n\t\t\t\t\t<h4 class=\"elementor-heading-title elementor-size-default\">INVESTIGATION<\/h4>\t\t\t\t<\/div>\n\t\t\t\t<\/div>\n\t\t\t\t<div class=\"elementor-element elementor-element-e16b093 elementor-widget elementor-widget-heading\" data-id=\"e16b093\" data-element_type=\"widget\" data-e-type=\"widget\" data-widget_type=\"heading.default\">\n\t\t\t\t<div class=\"elementor-widget-container\">\n\t\t\t\t\t<h3 class=\"elementor-heading-title elementor-size-default\"><a href=\"http:\/\/apq.ca0.myftpupload.com\/services\/#enquetes\">SERVICES<\/a><\/h3>\t\t\t\t<\/div>\n\t\t\t\t<\/div>\n\t\t\t\t\t<\/div>\n\t\t<\/div>\n\t\t\t\t\t<\/div>\n\t\t<\/section>\n\t\t\t\t<section class=\"elementor-section elementor-inner-section elementor-element elementor-element-829ac79 elementor-section-boxed elementor-section-height-default elementor-section-height-default elementor-invisible\" data-id=\"829ac79\" data-element_type=\"section\" data-e-type=\"section\" data-settings=\"{&quot;animation&quot;:&quot;fadeInRight&quot;}\">\n\t\t\t\t\t\t<div class=\"elementor-container elementor-column-gap-default\">\n\t\t\t\t\t<div class=\"elementor-column elementor-col-50 elementor-inner-column elementor-element elementor-element-eb3ea95\" data-id=\"eb3ea95\" data-element_type=\"column\" data-e-type=\"column\" data-settings=\"{&quot;background_background&quot;:&quot;classic&quot;}\">\n\t\t\t<div class=\"elementor-widget-wrap elementor-element-populated\">\n\t\t\t\t\t\t<div class=\"elementor-element elementor-element-212c449 elementor-widget elementor-widget-image\" data-id=\"212c449\" data-element_type=\"widget\" data-e-type=\"widget\" data-widget_type=\"image.default\">\n\t\t\t\t<div class=\"elementor-widget-container\">\n\t\t\t\t\t\t\t\t\t\t\t\t\t\t\t\t<a href=\"http:\/\/apq.ca0.myftpupload.com\/services\/#recherche\">\n\t\t\t\t\t\t\t<img decoding=\"async\" width=\"101\" height=\"125\" src=\"https:\/\/m3investigation.com\/wp-content\/uploads\/2022\/03\/Cle.png\" class=\"attachment-full size-full wp-image-139\" alt=\"\" \/>\t\t\t\t\t\t\t\t<\/a>\n\t\t\t\t\t\t\t\t\t\t\t\t\t\t\t<\/div>\n\t\t\t\t<\/div>\n\t\t\t\t\t<\/div>\n\t\t<\/div>\n\t\t\t\t<div class=\"elementor-column elementor-col-50 elementor-inner-column elementor-element elementor-element-0272d19\" data-id=\"0272d19\" data-element_type=\"column\" data-e-type=\"column\" data-settings=\"{&quot;background_background&quot;:&quot;classic&quot;}\">\n\t\t\t<div class=\"elementor-widget-wrap elementor-element-populated\">\n\t\t\t\t\t\t<div class=\"elementor-element elementor-element-596a72f elementor-widget elementor-widget-heading\" data-id=\"596a72f\" data-element_type=\"widget\" data-e-type=\"widget\" data-widget_type=\"heading.default\">\n\t\t\t\t<div class=\"elementor-widget-container\">\n\t\t\t\t\t<h4 class=\"elementor-heading-title elementor-size-default\">RESEARCH<\/h4>\t\t\t\t<\/div>\n\t\t\t\t<\/div>\n\t\t\t\t<div class=\"elementor-element elementor-element-5da9900 elementor-widget elementor-widget-heading\" data-id=\"5da9900\" data-element_type=\"widget\" data-e-type=\"widget\" data-widget_type=\"heading.default\">\n\t\t\t\t<div class=\"elementor-widget-container\">\n\t\t\t\t\t<h3 class=\"elementor-heading-title elementor-size-default\"><a href=\"http:\/\/apq.ca0.myftpupload.com\/services\/#recherche\">RESEARCH<\/a><\/h3>\t\t\t\t<\/div>\n\t\t\t\t<\/div>\n\t\t\t\t\t<\/div>\n\t\t<\/div>\n\t\t\t\t\t<\/div>\n\t\t<\/section>\n\t\t\t\t<section class=\"elementor-section elementor-inner-section elementor-element elementor-element-fed1668 elementor-section-boxed elementor-section-height-default elementor-section-height-default elementor-invisible\" data-id=\"fed1668\" data-element_type=\"section\" data-e-type=\"section\" data-settings=\"{&quot;animation&quot;:&quot;fadeInRight&quot;}\">\n\t\t\t\t\t\t<div class=\"elementor-container elementor-column-gap-default\">\n\t\t\t\t\t<div class=\"elementor-column elementor-col-50 elementor-inner-column elementor-element elementor-element-bd86754\" data-id=\"bd86754\" data-element_type=\"column\" data-e-type=\"column\" data-settings=\"{&quot;background_background&quot;:&quot;classic&quot;}\">\n\t\t\t<div class=\"elementor-widget-wrap elementor-element-populated\">\n\t\t\t\t\t\t<div class=\"elementor-element elementor-element-dcbad93 elementor-widget elementor-widget-image\" data-id=\"dcbad93\" data-element_type=\"widget\" data-e-type=\"widget\" data-widget_type=\"image.default\">\n\t\t\t\t<div class=\"elementor-widget-container\">\n\t\t\t\t\t\t\t\t\t\t\t\t\t\t\t\t<a href=\"http:\/\/apq.ca0.myftpupload.com\/services\/#surveillance\">\n\t\t\t\t\t\t\t<img loading=\"lazy\" decoding=\"async\" width=\"125\" height=\"125\" src=\"https:\/\/m3investigation.com\/wp-content\/uploads\/2022\/03\/Camera.png\" class=\"attachment-full size-full wp-image-137\" alt=\"\" \/>\t\t\t\t\t\t\t\t<\/a>\n\t\t\t\t\t\t\t\t\t\t\t\t\t\t\t<\/div>\n\t\t\t\t<\/div>\n\t\t\t\t\t<\/div>\n\t\t<\/div>\n\t\t\t\t<div class=\"elementor-column elementor-col-50 elementor-inner-column elementor-element elementor-element-8abf1dd\" data-id=\"8abf1dd\" data-element_type=\"column\" data-e-type=\"column\" data-settings=\"{&quot;background_background&quot;:&quot;classic&quot;}\">\n\t\t\t<div class=\"elementor-widget-wrap elementor-element-populated\">\n\t\t\t\t\t\t<div class=\"elementor-element elementor-element-44a5d42 elementor-widget elementor-widget-heading\" data-id=\"44a5d42\" data-element_type=\"widget\" data-e-type=\"widget\" data-widget_type=\"heading.default\">\n\t\t\t\t<div class=\"elementor-widget-container\">\n\t\t\t\t\t<h4 class=\"elementor-heading-title elementor-size-default\">RESEARCH<\/h4>\t\t\t\t<\/div>\n\t\t\t\t<\/div>\n\t\t\t\t<div class=\"elementor-element elementor-element-4c2c550 elementor-widget elementor-widget-heading\" data-id=\"4c2c550\" data-element_type=\"widget\" data-e-type=\"widget\" data-widget_type=\"heading.default\">\n\t\t\t\t<div class=\"elementor-widget-container\">\n\t\t\t\t\t<h3 class=\"elementor-heading-title elementor-size-default\"><a href=\"http:\/\/apq.ca0.myftpupload.com\/services\/#surveillance\">SURVEILLANCE<\/a><\/h3>\t\t\t\t<\/div>\n\t\t\t\t<\/div>\n\t\t\t\t\t<\/div>\n\t\t<\/div>\n\t\t\t\t\t<\/div>\n\t\t<\/section>\n\t\t\t\t\t<\/div>\n\t\t<\/div>\n\t\t\t\t\t<\/div>\n\t\t<\/section>\n\t\t\t\t<section class=\"elementor-section elementor-top-section elementor-element elementor-element-a1e9c46 elementor-section-boxed elementor-section-height-default elementor-section-height-default\" data-id=\"a1e9c46\" data-element_type=\"section\" data-e-type=\"section\" data-settings=\"{&quot;background_background&quot;:&quot;classic&quot;}\">\n\t\t\t\t\t\t<div class=\"elementor-container elementor-column-gap-default\">\n\t\t\t\t\t<div class=\"elementor-column elementor-col-100 elementor-top-column elementor-element elementor-element-83f7462\" data-id=\"83f7462\" data-element_type=\"column\" data-e-type=\"column\">\n\t\t\t<div class=\"elementor-widget-wrap\">\n\t\t\t\t\t\t\t<\/div>\n\t\t<\/div>\n\t\t\t\t\t<\/div>\n\t\t<\/section>\n\t\t\t\t<\/div>\n\t\t","protected":false},"excerpt":{"rendered":"<p>THE SPECIALISTS IN INVESTIGATIONSRESEARCHSURVEILLANCE ABOUT US M3 is a private detective agency specializing in corporate and civil investigations. We conduct cyber investigations, surveillance, due diligence verification, people tracing, locate assets, work on fraud, theft, insurance and work compensation cases. We offer a personalized approach to every case and collect intelligence through creative means and various [&hellip;]<\/p>\n","protected":false},"author":1,"featured_media":0,"parent":0,"menu_order":0,"comment_status":"closed","ping_status":"closed","template":"","meta":{"footnotes":""},"class_list":["post-18","page","type-page","status-publish","hentry"],"yoast_head":"<!-- This site is optimized with the Yoast SEO plugin v27.4 - https:\/\/yoast.com\/product\/yoast-seo-wordpress\/ -->\n<title>Homepage - M3 Investigation<\/title>\n<meta name=\"robots\" content=\"index, follow, max-snippet:-1, max-image-preview:large, max-video-preview:-1\" \/>\n<link rel=\"canonical\" href=\"https:\/\/m3investigation.com\/en\/\" \/>\n<meta property=\"og:locale\" content=\"en_US\" \/>\n<meta property=\"og:type\" content=\"article\" \/>\n<meta property=\"og:title\" content=\"Homepage - M3 Investigation\" \/>\n<meta property=\"og:description\" content=\"THE SPECIALISTS IN INVESTIGATIONSRESEARCHSURVEILLANCE ABOUT US M3 is a private detective agency specializing in corporate and civil investigations. We conduct cyber investigations, surveillance, due diligence verification, people tracing, locate assets, work on fraud, theft, insurance and work compensation cases. We offer a personalized approach to every case and collect intelligence through creative means and various [&hellip;]\" \/>\n<meta property=\"og:url\" content=\"https:\/\/m3investigation.com\/en\/\" \/>\n<meta property=\"og:site_name\" content=\"M3 Investigation\" \/>\n<meta property=\"article:modified_time\" content=\"2022-06-09T19:52:49+00:00\" \/>\n<meta property=\"og:image\" content=\"https:\/\/m3investigation.com\/wp-content\/uploads\/2022\/03\/M3-logo-BSP.png\" \/>\n<meta name=\"twitter:card\" content=\"summary_large_image\" \/>\n<meta name=\"twitter:label1\" content=\"Est. reading time\" \/>\n\t<meta name=\"twitter:data1\" content=\"2 minutes\" \/>\n<script type=\"application\/ld+json\" class=\"yoast-schema-graph\">{\"@context\":\"https:\\\/\\\/schema.org\",\"@graph\":[{\"@type\":\"WebPage\",\"@id\":\"https:\\\/\\\/m3investigation.com\\\/en\\\/\",\"url\":\"https:\\\/\\\/m3investigation.com\\\/en\\\/\",\"name\":\"Homepage - M3 Investigation\",\"isPartOf\":{\"@id\":\"https:\\\/\\\/m3investigation.com\\\/en\\\/#website\"},\"primaryImageOfPage\":{\"@id\":\"https:\\\/\\\/m3investigation.com\\\/en\\\/#primaryimage\"},\"image\":{\"@id\":\"https:\\\/\\\/m3investigation.com\\\/en\\\/#primaryimage\"},\"thumbnailUrl\":\"https:\\\/\\\/m3investigation.com\\\/wp-content\\\/uploads\\\/2022\\\/03\\\/M3-logo-BSP.png\",\"datePublished\":\"2022-03-17T15:55:51+00:00\",\"dateModified\":\"2022-06-09T19:52:49+00:00\",\"breadcrumb\":{\"@id\":\"https:\\\/\\\/m3investigation.com\\\/en\\\/#breadcrumb\"},\"inLanguage\":\"en-US\",\"potentialAction\":[{\"@type\":\"ReadAction\",\"target\":[\"https:\\\/\\\/m3investigation.com\\\/en\\\/\"]}]},{\"@type\":\"ImageObject\",\"inLanguage\":\"en-US\",\"@id\":\"https:\\\/\\\/m3investigation.com\\\/en\\\/#primaryimage\",\"url\":\"https:\\\/\\\/m3investigation.com\\\/wp-content\\\/uploads\\\/2022\\\/03\\\/M3-logo-BSP.png\",\"contentUrl\":\"https:\\\/\\\/m3investigation.com\\\/wp-content\\\/uploads\\\/2022\\\/03\\\/M3-logo-BSP.png\"},{\"@type\":\"BreadcrumbList\",\"@id\":\"https:\\\/\\\/m3investigation.com\\\/en\\\/#breadcrumb\",\"itemListElement\":[{\"@type\":\"ListItem\",\"position\":1,\"name\":\"Accueil\",\"item\":\"https:\\\/\\\/m3investigation.com\\\/en\\\/homepage\\\/\"},{\"@type\":\"ListItem\",\"position\":2,\"name\":\"Homepage\"}]},{\"@type\":\"WebSite\",\"@id\":\"https:\\\/\\\/m3investigation.com\\\/en\\\/#website\",\"url\":\"https:\\\/\\\/m3investigation.com\\\/en\\\/\",\"name\":\"M3 Investigation\",\"description\":\"Investigation - Recherche - Surveillance\",\"publisher\":{\"@id\":\"https:\\\/\\\/m3investigation.com\\\/en\\\/#organization\"},\"potentialAction\":[{\"@type\":\"SearchAction\",\"target\":{\"@type\":\"EntryPoint\",\"urlTemplate\":\"https:\\\/\\\/m3investigation.com\\\/en\\\/?s={search_term_string}\"},\"query-input\":{\"@type\":\"PropertyValueSpecification\",\"valueRequired\":true,\"valueName\":\"search_term_string\"}}],\"inLanguage\":\"en-US\"},{\"@type\":\"Organization\",\"@id\":\"https:\\\/\\\/m3investigation.com\\\/en\\\/#organization\",\"name\":\"M3 Investigation\",\"url\":\"https:\\\/\\\/m3investigation.com\\\/en\\\/\",\"logo\":{\"@type\":\"ImageObject\",\"inLanguage\":\"en-US\",\"@id\":\"https:\\\/\\\/m3investigation.com\\\/en\\\/#\\\/schema\\\/logo\\\/image\\\/\",\"url\":\"https:\\\/\\\/m3investigation.com\\\/wp-content\\\/uploads\\\/2022\\\/03\\\/Icone_M3_Centre.png\",\"contentUrl\":\"https:\\\/\\\/m3investigation.com\\\/wp-content\\\/uploads\\\/2022\\\/03\\\/Icone_M3_Centre.png\",\"width\":512,\"height\":149,\"caption\":\"M3 Investigation\"},\"image\":{\"@id\":\"https:\\\/\\\/m3investigation.com\\\/en\\\/#\\\/schema\\\/logo\\\/image\\\/\"}}]}<\/script>\n<!-- \/ Yoast SEO plugin. -->","yoast_head_json":{"title":"Homepage - M3 Investigation","robots":{"index":"index","follow":"follow","max-snippet":"max-snippet:-1","max-image-preview":"max-image-preview:large","max-video-preview":"max-video-preview:-1"},"canonical":"https:\/\/m3investigation.com\/en\/","og_locale":"en_US","og_type":"article","og_title":"Homepage - M3 Investigation","og_description":"THE SPECIALISTS IN INVESTIGATIONSRESEARCHSURVEILLANCE ABOUT US M3 is a private detective agency specializing in corporate and civil investigations. We conduct cyber investigations, surveillance, due diligence verification, people tracing, locate assets, work on fraud, theft, insurance and work compensation cases. We offer a personalized approach to every case and collect intelligence through creative means and various [&hellip;]","og_url":"https:\/\/m3investigation.com\/en\/","og_site_name":"M3 Investigation","article_modified_time":"2022-06-09T19:52:49+00:00","og_image":[{"url":"https:\/\/m3investigation.com\/wp-content\/uploads\/2022\/03\/M3-logo-BSP.png","type":"","width":"","height":""}],"twitter_card":"summary_large_image","twitter_misc":{"Est. reading time":"2 minutes"},"schema":{"@context":"https:\/\/schema.org","@graph":[{"@type":"WebPage","@id":"https:\/\/m3investigation.com\/en\/","url":"https:\/\/m3investigation.com\/en\/","name":"Homepage - M3 Investigation","isPartOf":{"@id":"https:\/\/m3investigation.com\/en\/#website"},"primaryImageOfPage":{"@id":"https:\/\/m3investigation.com\/en\/#primaryimage"},"image":{"@id":"https:\/\/m3investigation.com\/en\/#primaryimage"},"thumbnailUrl":"https:\/\/m3investigation.com\/wp-content\/uploads\/2022\/03\/M3-logo-BSP.png","datePublished":"2022-03-17T15:55:51+00:00","dateModified":"2022-06-09T19:52:49+00:00","breadcrumb":{"@id":"https:\/\/m3investigation.com\/en\/#breadcrumb"},"inLanguage":"en-US","potentialAction":[{"@type":"ReadAction","target":["https:\/\/m3investigation.com\/en\/"]}]},{"@type":"ImageObject","inLanguage":"en-US","@id":"https:\/\/m3investigation.com\/en\/#primaryimage","url":"https:\/\/m3investigation.com\/wp-content\/uploads\/2022\/03\/M3-logo-BSP.png","contentUrl":"https:\/\/m3investigation.com\/wp-content\/uploads\/2022\/03\/M3-logo-BSP.png"},{"@type":"BreadcrumbList","@id":"https:\/\/m3investigation.com\/en\/#breadcrumb","itemListElement":[{"@type":"ListItem","position":1,"name":"Accueil","item":"https:\/\/m3investigation.com\/en\/homepage\/"},{"@type":"ListItem","position":2,"name":"Homepage"}]},{"@type":"WebSite","@id":"https:\/\/m3investigation.com\/en\/#website","url":"https:\/\/m3investigation.com\/en\/","name":"M3 Investigation","description":"Investigation - Recherche - Surveillance","publisher":{"@id":"https:\/\/m3investigation.com\/en\/#organization"},"potentialAction":[{"@type":"SearchAction","target":{"@type":"EntryPoint","urlTemplate":"https:\/\/m3investigation.com\/en\/?s={search_term_string}"},"query-input":{"@type":"PropertyValueSpecification","valueRequired":true,"valueName":"search_term_string"}}],"inLanguage":"en-US"},{"@type":"Organization","@id":"https:\/\/m3investigation.com\/en\/#organization","name":"M3 Investigation","url":"https:\/\/m3investigation.com\/en\/","logo":{"@type":"ImageObject","inLanguage":"en-US","@id":"https:\/\/m3investigation.com\/en\/#\/schema\/logo\/image\/","url":"https:\/\/m3investigation.com\/wp-content\/uploads\/2022\/03\/Icone_M3_Centre.png","contentUrl":"https:\/\/m3investigation.com\/wp-content\/uploads\/2022\/03\/Icone_M3_Centre.png","width":512,"height":149,"caption":"M3 Investigation"},"image":{"@id":"https:\/\/m3investigation.com\/en\/#\/schema\/logo\/image\/"}}]}},"_links":{"self":[{"href":"https:\/\/m3investigation.com\/en\/wp-json\/wp\/v2\/pages\/18","targetHints":{"allow":["GET"]}}],"collection":[{"href":"https:\/\/m3investigation.com\/en\/wp-json\/wp\/v2\/pages"}],"about":[{"href":"https:\/\/m3investigation.com\/en\/wp-json\/wp\/v2\/types\/page"}],"author":[{"embeddable":true,"href":"https:\/\/m3investigation.com\/en\/wp-json\/wp\/v2\/users\/1"}],"replies":[{"embeddable":true,"href":"https:\/\/m3investigation.com\/en\/wp-json\/wp\/v2\/comments?post=18"}],"version-history":[{"count":43,"href":"https:\/\/m3investigation.com\/en\/wp-json\/wp\/v2\/pages\/18\/revisions"}],"predecessor-version":[{"id":854,"href":"https:\/\/m3investigation.com\/en\/wp-json\/wp\/v2\/pages\/18\/revisions\/854"}],"wp:attachment":[{"href":"https:\/\/m3investigation.com\/en\/wp-json\/wp\/v2\/media?parent=18"}],"curies":[{"name":"wp","href":"https:\/\/api.w.org\/{rel}","templated":true}]}}